{"id":3999,"date":"2017-05-10T12:56:36","date_gmt":"2017-05-10T12:56:36","guid":{"rendered":"http:\/\/demo.goodlayers.com\/onepagepro\/cv\/?page_id=3999"},"modified":"2023-01-20T09:07:35","modified_gmt":"2023-01-20T08:07:35","slug":"brigittte-delachenal","status":"publish","type":"page","link":"https:\/\/eclatsdenergie.fr\/","title":{"rendered":"Brigitte DELACHENAL"},"content":{"rendered":"","protected":false},"excerpt":{"rendered":"","protected":false},"author":1,"featured_media":0,"parent":0,"menu_order":0,"comment_status":"closed","ping_status":"closed","template":"","meta":{"footnotes":""},"class_list":["post-3999","page","type-page","status-publish","hentry"],"yoast_head":"<!-- This site is optimized with the Yoast SEO plugin v27.4 - https:\/\/yoast.com\/product\/yoast-seo-wordpress\/ -->\n<title>Soins \u00c9nerg\u00e9tiques \u00e0 Cannes et Paris, Brigitte DELACHENAL<\/title>\n<meta name=\"description\" content=\"Depuis 32 ans Brigitte DELACHENAL vous accompagne aux travers de soins \u00e9nerg\u00e9tiques, radiesth\u00e9siques et de th\u00e9rapie manuelle \u00e0 Cannes et \u00e0 Paris.\" \/>\n<meta name=\"robots\" content=\"index, follow, max-snippet:-1, max-image-preview:large, max-video-preview:-1\" \/>\n<link rel=\"canonical\" href=\"https:\/\/eclatsdenergie.fr\/\" \/>\n<meta property=\"og:locale\" content=\"fr_FR\" \/>\n<meta property=\"og:type\" content=\"article\" \/>\n<meta property=\"og:title\" content=\"Soins \u00c9nerg\u00e9tiques \u00e0 Cannes et Paris, Brigitte DELACHENAL\" \/>\n<meta property=\"og:description\" content=\"Depuis 32 ans Brigitte DELACHENAL vous accompagne aux travers de soins \u00e9nerg\u00e9tiques, radiesth\u00e9siques et de th\u00e9rapie manuelle \u00e0 Cannes et \u00e0 Paris.\" \/>\n<meta property=\"og:url\" content=\"https:\/\/eclatsdenergie.fr\/\" \/>\n<meta property=\"og:site_name\" content=\"Brigitte DELACHENAL\" \/>\n<meta property=\"article:modified_time\" content=\"2023-01-20T08:07:35+00:00\" \/>\n<meta name=\"twitter:card\" content=\"summary_large_image\" \/>\n<script type=\"application\/ld+json\" class=\"yoast-schema-graph\">{\"@context\":\"https:\\\/\\\/schema.org\",\"@graph\":[{\"@type\":\"WebPage\",\"@id\":\"https:\\\/\\\/eclatsdenergie.fr\\\/\",\"url\":\"https:\\\/\\\/eclatsdenergie.fr\\\/\",\"name\":\"Soins \u00c9nerg\u00e9tiques \u00e0 Cannes et Paris, Brigitte DELACHENAL\",\"isPartOf\":{\"@id\":\"https:\\\/\\\/eclatsdenergie.fr\\\/#website\"},\"datePublished\":\"2017-05-10T12:56:36+00:00\",\"dateModified\":\"2023-01-20T08:07:35+00:00\",\"description\":\"Depuis 32 ans Brigitte DELACHENAL vous accompagne aux travers de soins \u00e9nerg\u00e9tiques, radiesth\u00e9siques et de th\u00e9rapie manuelle \u00e0 Cannes et \u00e0 Paris.\",\"breadcrumb\":{\"@id\":\"https:\\\/\\\/eclatsdenergie.fr\\\/#breadcrumb\"},\"inLanguage\":\"fr-FR\",\"potentialAction\":[{\"@type\":\"ReadAction\",\"target\":[\"https:\\\/\\\/eclatsdenergie.fr\\\/\"]}]},{\"@type\":\"BreadcrumbList\",\"@id\":\"https:\\\/\\\/eclatsdenergie.fr\\\/#breadcrumb\",\"itemListElement\":[{\"@type\":\"ListItem\",\"position\":1,\"name\":\"Accueil\",\"item\":\"https:\\\/\\\/eclatsdenergie.fr\\\/\"},{\"@type\":\"ListItem\",\"position\":2,\"name\":\"Brigitte DELACHENAL\"}]},{\"@type\":\"WebSite\",\"@id\":\"https:\\\/\\\/eclatsdenergie.fr\\\/#website\",\"url\":\"https:\\\/\\\/eclatsdenergie.fr\\\/\",\"name\":\"Brigitte DELACHENAL\",\"description\":\"\",\"potentialAction\":[{\"@type\":\"SearchAction\",\"target\":{\"@type\":\"EntryPoint\",\"urlTemplate\":\"https:\\\/\\\/eclatsdenergie.fr\\\/?s={search_term_string}\"},\"query-input\":{\"@type\":\"PropertyValueSpecification\",\"valueRequired\":true,\"valueName\":\"search_term_string\"}}],\"inLanguage\":\"fr-FR\"}]}<\/script>\n<!-- \/ Yoast SEO plugin. -->","yoast_head_json":{"title":"Soins \u00c9nerg\u00e9tiques \u00e0 Cannes et Paris, Brigitte DELACHENAL","description":"Depuis 32 ans Brigitte DELACHENAL vous accompagne aux travers de soins \u00e9nerg\u00e9tiques, radiesth\u00e9siques et de th\u00e9rapie manuelle \u00e0 Cannes et \u00e0 Paris.","robots":{"index":"index","follow":"follow","max-snippet":"max-snippet:-1","max-image-preview":"max-image-preview:large","max-video-preview":"max-video-preview:-1"},"canonical":"https:\/\/eclatsdenergie.fr\/","og_locale":"fr_FR","og_type":"article","og_title":"Soins \u00c9nerg\u00e9tiques \u00e0 Cannes et Paris, Brigitte DELACHENAL","og_description":"Depuis 32 ans Brigitte DELACHENAL vous accompagne aux travers de soins \u00e9nerg\u00e9tiques, radiesth\u00e9siques et de th\u00e9rapie manuelle \u00e0 Cannes et \u00e0 Paris.","og_url":"https:\/\/eclatsdenergie.fr\/","og_site_name":"Brigitte DELACHENAL","article_modified_time":"2023-01-20T08:07:35+00:00","twitter_card":"summary_large_image","schema":{"@context":"https:\/\/schema.org","@graph":[{"@type":"WebPage","@id":"https:\/\/eclatsdenergie.fr\/","url":"https:\/\/eclatsdenergie.fr\/","name":"Soins \u00c9nerg\u00e9tiques \u00e0 Cannes et Paris, Brigitte DELACHENAL","isPartOf":{"@id":"https:\/\/eclatsdenergie.fr\/#website"},"datePublished":"2017-05-10T12:56:36+00:00","dateModified":"2023-01-20T08:07:35+00:00","description":"Depuis 32 ans Brigitte DELACHENAL vous accompagne aux travers de soins \u00e9nerg\u00e9tiques, radiesth\u00e9siques et de th\u00e9rapie manuelle \u00e0 Cannes et \u00e0 Paris.","breadcrumb":{"@id":"https:\/\/eclatsdenergie.fr\/#breadcrumb"},"inLanguage":"fr-FR","potentialAction":[{"@type":"ReadAction","target":["https:\/\/eclatsdenergie.fr\/"]}]},{"@type":"BreadcrumbList","@id":"https:\/\/eclatsdenergie.fr\/#breadcrumb","itemListElement":[{"@type":"ListItem","position":1,"name":"Accueil","item":"https:\/\/eclatsdenergie.fr\/"},{"@type":"ListItem","position":2,"name":"Brigitte DELACHENAL"}]},{"@type":"WebSite","@id":"https:\/\/eclatsdenergie.fr\/#website","url":"https:\/\/eclatsdenergie.fr\/","name":"Brigitte DELACHENAL","description":"","potentialAction":[{"@type":"SearchAction","target":{"@type":"EntryPoint","urlTemplate":"https:\/\/eclatsdenergie.fr\/?s={search_term_string}"},"query-input":{"@type":"PropertyValueSpecification","valueRequired":true,"valueName":"search_term_string"}}],"inLanguage":"fr-FR"}]}},"_links":{"self":[{"href":"https:\/\/eclatsdenergie.fr\/index.php?rest_route=\/wp\/v2\/pages\/3999","targetHints":{"allow":["GET"]}}],"collection":[{"href":"https:\/\/eclatsdenergie.fr\/index.php?rest_route=\/wp\/v2\/pages"}],"about":[{"href":"https:\/\/eclatsdenergie.fr\/index.php?rest_route=\/wp\/v2\/types\/page"}],"author":[{"embeddable":true,"href":"https:\/\/eclatsdenergie.fr\/index.php?rest_route=\/wp\/v2\/users\/1"}],"replies":[{"embeddable":true,"href":"https:\/\/eclatsdenergie.fr\/index.php?rest_route=%2Fwp%2Fv2%2Fcomments&post=3999"}],"version-history":[{"count":5,"href":"https:\/\/eclatsdenergie.fr\/index.php?rest_route=\/wp\/v2\/pages\/3999\/revisions"}],"predecessor-version":[{"id":4180,"href":"https:\/\/eclatsdenergie.fr\/index.php?rest_route=\/wp\/v2\/pages\/3999\/revisions\/4180"}],"wp:attachment":[{"href":"https:\/\/eclatsdenergie.fr\/index.php?rest_route=%2Fwp%2Fv2%2Fmedia&parent=3999"}],"curies":[{"name":"wp","href":"https:\/\/api.w.org\/{rel}","templated":true}]}}